{"id":1719,"date":"2022-10-16T15:38:23","date_gmt":"2022-10-16T15:38:23","guid":{"rendered":"https:\/\/fun01.wp.europeandockworkers.org\/our-actions\/"},"modified":"2023-09-12T12:22:37","modified_gmt":"2023-09-12T12:22:37","slug":"our-actions","status":"publish","type":"page","link":"https:\/\/europeandockworkers.org\/fr\/our-actions\/","title":{"rendered":"Nos actions"},"content":{"rendered":"<div class=\"wpb-content-wrapper\"><p>[vc_row css=&#8221;.vc_custom_1665957660592{background-image: url(https:\/\/europeandockworkers.org\/wp-content\/uploads\/2022\/10\/background_whoweare.png?id=1540) !important;background-position: center !important;background-repeat: no-repeat !important;background-size: cover !important;}&#8221;][vc_column][vc_row_inner][vc_column_inner width=&#8221;1\/3&#8243;][vc_single_image image=&#8221;1674&#8243; img_size=&#8221;full&#8221; alignment=&#8221;center&#8221; css_animation=&#8221;fadeInDown&#8221;][\/vc_column_inner][vc_column_inner width=&#8221;2\/3&#8243;][vc_column_text]<span style=\"color: #000;\"><strong>EDC<\/strong> est une organisation unitaire de <strong>Dockers et Travailleurs portuaires europ\u00e9ens<\/strong> qui unissent leurs forces pour s\u2019assurer que <strong>tous sont et seront toujours trait\u00e9s \u00e9quitablement au travail, que leurs conditions de travail sont d\u00e9centes, s\u00fbres et am\u00e9lior\u00e9es lorsque n\u00e9cessaire, que leurs droits sont pleinement respect\u00e9s, et que leur avenir professionnel est justement pr\u00e9serv\u00e9<\/strong>.<br \/>\n<\/span><\/p>\n<p><span style=\"color: #000;\">Pour cela, gr\u00e2ce \u00e0 l\u2019\u00e9change d\u2019informations entre les membres, et sous leur valeur commune <strong>&#8220;All together as One&#8221;<\/strong>, les faits et la r\u00e9alit\u00e9 des ports sont analys\u00e9s et compar\u00e9s, et les propositions d\u2019actions, au niveau national ou \u00e0 l\u2019\u00e9chelle europ\u00e9enne, sont d\u00e9velopp\u00e9s.<\/span><\/p>\n<p><span style=\"color: #000;\">Pour atteindre ces objectifs, <strong>l&#8217;EDC demande \u00e0 tous les Dockers et aux Travailleurs portuaires<\/strong> de devenir plus nombreux \u00e0 s&#8217;organiser, \u00e0 discuter et \u00e0 agir au sein du Conseil europ\u00e9en des dockers.<\/span><\/p>\n<p><span style=\"color: #000;\">Le progr\u00e8s social, \u00e9conomique et culturel l\u2019exige. Il les exhorte \u00e0 se mobiliser et \u00e0 prendre toutes les mesures n\u00e9cessaires pour que l&#8217;EDC maintienne et renforce son unit\u00e9, son esprit combatif et sa solidarit\u00e9.<\/span><\/p>\n<ul>\n<li style=\"color: #000;\"><strong>En promouvant l\u2019unit\u00e9 de la classe ouvri\u00e8re<\/strong>, en respectant les diff\u00e9rences culturelles, id\u00e9ologiques, religieuses ou tout autre type de jugement, l&#8217;EDC r\u00e9affirme son engagement en faveur des relations et de la coop\u00e9ration europ\u00e9ennes et internationales, et \u00e0 la fraternit\u00e9 avec les organisations progressistes et d\u00e9mocratiques.<\/li>\n<li style=\"color: #000;\"><strong>Influencer la prise de d\u00e9cision europ\u00e9enne<\/strong> : le trait\u00e9 de l&#8217;UE oblige la Commission europ\u00e9enne \u00e0 consulter les partenaires sociaux europ\u00e9ens sur toutes les propositions concernant l\u2019emploi et la politique sociale.<\/li>\n<li style=\"color: #000;\"><strong>La repr\u00e9sentation des travailleurs par le biais du comit\u00e9 de dialogue social sectoriel europ\u00e9en<\/strong> qui r\u00e9unit des repr\u00e9sentants des syndicats et des organisations d\u2019employeurs (les partenaires sociaux europ\u00e9ens) et implique des discussions, des n\u00e9gociations et des actions communes. Le dialogue social est inscrit dans le trait\u00e9 et constitue un \u00e9l\u00e9ment fondamental du mod\u00e8le social europ\u00e9en.<\/li>\n<\/ul>\n<div id=\"simple-translate\" class=\"simple-translate-light-theme\">\n<div>\n<div class=\"simple-translate-button isShow\" style=\"background-image: url('moz-extension:\/\/2c71892d-9d8a-4b93-bca7-c9817e547f15\/icons\/512.png'); height: 22px; width: 22px; top: 156px; left: 713px;\"><\/div>\n<div class=\"simple-translate-panel \" style=\"width: 300px; height: 200px; top: 0px; left: 0px; font-size: 13px;\">\n<div class=\"simple-translate-result-wrapper\" style=\"overflow: hidden;\">\n<div class=\"simple-translate-move\" draggable=\"true\"><\/div>\n<div class=\"simple-translate-result-contents\">\n<p class=\"simple-translate-candidate\" dir=\"auto\">\n<\/div>\n<\/div>\n<\/div>\n<\/div>\n<\/div>\n<p>[\/vc_column_text][\/vc_column_inner][\/vc_row_inner][\/vc_column][\/vc_row]<\/p>\n<\/div>","protected":false},"excerpt":{"rendered":"<p>[vc_row css=&#8221;.vc_custom_1665957660592{background-image: url(https:\/\/europeandockworkers.org\/wp-content\/uploads\/2022\/10\/background_whoweare.png?id=1540) !important;background-position: center !important;background-repeat: no-repeat !important;background-size: cover !important;}&#8221;][vc_column][vc_row_inner][vc_column_inner width=&#8221;1\/3&#8243;][vc_single_image image=&#8221;1674&#8243; img_size=&#8221;full&#8221; alignment=&#8221;center&#8221; css_animation=&#8221;fadeInDown&#8221;][\/vc_column_inner][vc_column_inner width=&#8221;2\/3&#8243;][vc_column_text]EDC est une organisation unitaire de Dockers et Travailleurs portuaires europ\u00e9ens qui unissent leurs forces pour s\u2019assurer que tous sont et seront toujours trait\u00e9s \u00e9quitablement&#8230;<\/p>\n","protected":false},"author":1,"featured_media":0,"parent":0,"menu_order":0,"comment_status":"closed","ping_status":"closed","template":"","meta":{"footnotes":""},"class_list":["post-1719","page","type-page","status-publish","hentry"],"_links":{"self":[{"href":"https:\/\/europeandockworkers.org\/fr\/wp-json\/wp\/v2\/pages\/1719","targetHints":{"allow":["GET"]}}],"collection":[{"href":"https:\/\/europeandockworkers.org\/fr\/wp-json\/wp\/v2\/pages"}],"about":[{"href":"https:\/\/europeandockworkers.org\/fr\/wp-json\/wp\/v2\/types\/page"}],"author":[{"embeddable":true,"href":"https:\/\/europeandockworkers.org\/fr\/wp-json\/wp\/v2\/users\/1"}],"replies":[{"embeddable":true,"href":"https:\/\/europeandockworkers.org\/fr\/wp-json\/wp\/v2\/comments?post=1719"}],"version-history":[{"count":3,"href":"https:\/\/europeandockworkers.org\/fr\/wp-json\/wp\/v2\/pages\/1719\/revisions"}],"predecessor-version":[{"id":1729,"href":"https:\/\/europeandockworkers.org\/fr\/wp-json\/wp\/v2\/pages\/1719\/revisions\/1729"}],"wp:attachment":[{"href":"https:\/\/europeandockworkers.org\/fr\/wp-json\/wp\/v2\/media?parent=1719"}],"curies":[{"name":"wp","href":"https:\/\/api.w.org\/{rel}","templated":true}]}}