{"id":1703,"date":"2022-10-16T15:56:00","date_gmt":"2022-10-16T15:56:00","guid":{"rendered":"https:\/\/fun01.wp.europeandockworkers.org\/the-edc-statutes\/"},"modified":"2024-10-01T10:11:51","modified_gmt":"2024-10-01T10:11:51","slug":"the-edc-statutes","status":"publish","type":"page","link":"https:\/\/europeandockworkers.org\/fr\/the-edc-statutes\/","title":{"rendered":"Les Statuts de l\u2019EDC"},"content":{"rendered":"<div class=\"wpb-content-wrapper\"><p>[vc_row css=&#8221;.vc_custom_1665957025127{padding-top: 100px !important;padding-bottom: 100px !important;background-image: url(https:\/\/europeandockworkers.org\/wp-content\/uploads\/2022\/10\/background_statutes.png?id=1527) !important;background-position: center !important;background-repeat: no-repeat !important;background-size: cover !important;}&#8221;][vc_column][vc_row_inner][vc_column_inner width=&#8221;1\/3&#8243;][vc_single_image image=&#8221;1656&#8243; img_size=&#8221;full&#8221; alignment=&#8221;center&#8221; css_animation=&#8221;fadeInDown&#8221;][\/vc_column_inner][vc_column_inner width=&#8221;2\/3&#8243;][vc_column_text css=&#8221;.vc_custom_1694520645071{padding-right: 100px !important;padding-left: 100px !important;}&#8221;]<span style=\"color: #000000;\">Le droit d\u2019incorporer un syndicat sur la base de la l\u00e9gislation est un droit humain essentiel. Cela a \u00e9t\u00e9 proclam\u00e9 comme un droit subjectif et fondamental par l\u2019Organisation internationale du travail, conform\u00e9ment \u00e0 la Convention sur la libert\u00e9 syndicale et la protection du droit syndical (no 87). Conform\u00e9ment \u00e0 la mise en \u0153uvre de ce droit universellement reconnu, l\u2019organisation internationale des syndicats de Dockers et Travailleurs portuaires a \u00e9t\u00e9 cr\u00e9\u00e9e sous le nom:<\/span><\/p>\n<p style=\"text-align: center;\"><span style=\"color: #000000;\"><b>EDC<\/b>\u00a0\u00b7\u00a0<b>European Dockworkers Council<\/b><\/span><\/p>\n<p>[\/vc_column_text][vc_icon icon_fontawesome=&#8221;fas fa-file-pdf&#8221; color=&#8221;custom&#8221; background_style=&#8221;rounded-less&#8221; size=&#8221;lg&#8221; align=&#8221;center&#8221; css_animation=&#8221;fadeIn&#8221; custom_color=&#8221;#e53026&#8243; css=&#8221;.vc_custom_1727777507560{margin-top: 30px !important;}&#8221; link=&#8221;url:https%3A%2F%2Feuropeandockworkers.org%2Ffr%2Fcontact%2F|title:Contact&#8221;][vc_column_text]<\/p>\n<p style=\"text-align: center;\"><em><a href=\"https:\/\/europeandockworkers.org\/fr\/contact\/\" rel=\"noopener\"><strong>STATUTS DE L&#8217;EDC<\/strong><\/a><br \/>\n<\/em><\/p>\n<p>[\/vc_column_text][\/vc_column_inner][\/vc_row_inner][\/vc_column][\/vc_row]<\/p>\n<\/div>","protected":false},"excerpt":{"rendered":"<p>[vc_row css=&#8221;.vc_custom_1665957025127{padding-top: 100px !important;padding-bottom: 100px !important;background-image: url(https:\/\/europeandockworkers.org\/wp-content\/uploads\/2022\/10\/background_statutes.png?id=1527) !important;background-position: center !important;background-repeat: no-repeat !important;background-size: cover !important;}&#8221;][vc_column][vc_row_inner][vc_column_inner width=&#8221;1\/3&#8243;][vc_single_image image=&#8221;1656&#8243; img_size=&#8221;full&#8221; alignment=&#8221;center&#8221; css_animation=&#8221;fadeInDown&#8221;][\/vc_column_inner][vc_column_inner width=&#8221;2\/3&#8243;][vc_column_text css=&#8221;.vc_custom_1694520645071{padding-right: 100px !important;padding-left: 100px !important;}&#8221;]Le droit d\u2019incorporer un syndicat sur la base de la l\u00e9gislation est un droit humain essentiel&#8230;.<\/p>\n","protected":false},"author":1,"featured_media":0,"parent":0,"menu_order":0,"comment_status":"closed","ping_status":"closed","template":"","meta":{"footnotes":""},"class_list":["post-1703","page","type-page","status-publish","hentry"],"_links":{"self":[{"href":"https:\/\/europeandockworkers.org\/fr\/wp-json\/wp\/v2\/pages\/1703","targetHints":{"allow":["GET"]}}],"collection":[{"href":"https:\/\/europeandockworkers.org\/fr\/wp-json\/wp\/v2\/pages"}],"about":[{"href":"https:\/\/europeandockworkers.org\/fr\/wp-json\/wp\/v2\/types\/page"}],"author":[{"embeddable":true,"href":"https:\/\/europeandockworkers.org\/fr\/wp-json\/wp\/v2\/users\/1"}],"replies":[{"embeddable":true,"href":"https:\/\/europeandockworkers.org\/fr\/wp-json\/wp\/v2\/comments?post=1703"}],"version-history":[{"count":5,"href":"https:\/\/europeandockworkers.org\/fr\/wp-json\/wp\/v2\/pages\/1703\/revisions"}],"predecessor-version":[{"id":2521,"href":"https:\/\/europeandockworkers.org\/fr\/wp-json\/wp\/v2\/pages\/1703\/revisions\/2521"}],"wp:attachment":[{"href":"https:\/\/europeandockworkers.org\/fr\/wp-json\/wp\/v2\/media?parent=1703"}],"curies":[{"name":"wp","href":"https:\/\/api.w.org\/{rel}","templated":true}]}}