{"id":1696,"date":"2022-10-16T15:44:45","date_gmt":"2022-10-16T15:44:45","guid":{"rendered":"https:\/\/fun01.wp.europeandockworkers.org\/our-organization-and-people\/"},"modified":"2023-09-12T12:02:54","modified_gmt":"2023-09-12T12:02:54","slug":"our-organization-and-people","status":"publish","type":"page","link":"https:\/\/europeandockworkers.org\/fr\/our-organization-and-people\/","title":{"rendered":"Notre organisation et ses membres"},"content":{"rendered":"<div class=\"wpb-content-wrapper\"><p>[vc_row css=&#8221;.vc_custom_1665957463974{background-image: url(https:\/\/europeandockworkers.org\/wp-content\/uploads\/2022\/10\/background_organization-1.png?id=1536) !important;background-position: center !important;background-repeat: no-repeat !important;background-size: cover !important;}&#8221;][vc_column][vc_row_inner][vc_column_inner width=&#8221;1\/3&#8243;][vc_single_image image=&#8221;1662&#8243; img_size=&#8221;full&#8221; alignment=&#8221;center&#8221; css_animation=&#8221;fadeInDown&#8221;][\/vc_column_inner][vc_column_inner width=&#8221;2\/3&#8243;][vc_column_text]<span style=\"color: #000;\">EDC a \u00e9t\u00e9 cr\u00e9\u00e9e en 2021 et comprend 14 organisations syndicales nationales dans 12 pays europ\u00e9ens. L&#8217;EDC est une organisation ouvri\u00e8re unitaire, ind\u00e9pendante, d\u00e9mocratique et repr\u00e9sentative dont les d\u00e9cisions sont adopt\u00e9es par l\u2019Assembl\u00e9e g\u00e9n\u00e9rale.<\/span><\/p>\n<h3>Les membres de l&#8217;EDC<\/h3>\n<p><span style=\"color: #000;\">Le coordinateur \u00e9lu coordonne les activit\u00e9s quotidiennes de l\u2019EDC et les relations avec les institutions europ\u00e9ennes et les organisations d\u2019employeurs. Le Coordinateur sugg\u00e8re des actions syndicales europ\u00e9ennes.<\/span><\/p>\n<p><span style=\"color: #000;\">Les organisations syndicales affili\u00e9es de l\u2019EDC participent :<\/span><\/p>\n<ul>\n<li><span style=\"color: #000;\">au <strong>groupe de travail g\u00e9n\u00e9ral<\/strong> mod\u00e9r\u00e9 par le\/la coordinateur\/trice de l\u2019EDC.<\/span><\/li>\n<li><span style=\"color: #000;\">au<strong> groupe de travail sur la sant\u00e9 et la s\u00e9curit\u00e9<\/strong> conduit par le\/la coordinateur\/trice de la sant\u00e9 et de la s\u00e9curit\u00e9.<\/span><\/li>\n<li><span style=\"color: #000;\">au <strong>groupe de travail sur l\u2019\u00e9galit\u00e9, la diversit\u00e9 et l\u2019inclusion (EDI)<\/strong>, conduit par le\/la coordinateur\/trice de l\u2019EDI.<\/span><\/li>\n<li><span style=\"color: #000;\">\u00e0 la <strong>commission du contr\u00f4le financier<\/strong> conduite par trois membres \u00e9lus.<\/span><\/li>\n<\/ul>\n<p><span style=\"color: #000;\">Les d\u00e9l\u00e9gu\u00e9s de chaque syndicat pour chaque organe devraient viser, si possible, \u00e0 adopter des r\u00e9solutions par consensus.<\/span><\/p>\n<div id=\"simple-translate\" class=\"simple-translate-light-theme\">\n<div>\n<div class=\"simple-translate-button isShow\" style=\"background-image: url('moz-extension:\/\/2c71892d-9d8a-4b93-bca7-c9817e547f15\/icons\/512.png'); height: 22px; width: 22px; top: 145px; left: 324px;\"><\/div>\n<div class=\"simple-translate-panel \" style=\"width: 300px; height: 200px; top: 0px; left: 0px; font-size: 13px;\">\n<div class=\"simple-translate-result-wrapper\" style=\"overflow: hidden;\">\n<div class=\"simple-translate-move\" draggable=\"true\"><\/div>\n<div class=\"simple-translate-result-contents\">\n<p class=\"simple-translate-candidate\" dir=\"auto\">\n<\/div>\n<\/div>\n<\/div>\n<\/div>\n<\/div>\n<p>[\/vc_column_text][\/vc_column_inner][\/vc_row_inner][\/vc_column][\/vc_row]<\/p>\n<\/div>","protected":false},"excerpt":{"rendered":"<p>[vc_row css=&#8221;.vc_custom_1665957463974{background-image: url(https:\/\/europeandockworkers.org\/wp-content\/uploads\/2022\/10\/background_organization-1.png?id=1536) !important;background-position: center !important;background-repeat: no-repeat !important;background-size: cover !important;}&#8221;][vc_column][vc_row_inner][vc_column_inner width=&#8221;1\/3&#8243;][vc_single_image image=&#8221;1662&#8243; img_size=&#8221;full&#8221; alignment=&#8221;center&#8221; css_animation=&#8221;fadeInDown&#8221;][\/vc_column_inner][vc_column_inner width=&#8221;2\/3&#8243;][vc_column_text]EDC a \u00e9t\u00e9 cr\u00e9\u00e9e en 2021 et comprend 14 organisations syndicales nationales dans 12 pays europ\u00e9ens. L&#8217;EDC est une organisation ouvri\u00e8re unitaire, ind\u00e9pendante, d\u00e9mocratique et&#8230;<\/p>\n","protected":false},"author":1,"featured_media":0,"parent":0,"menu_order":0,"comment_status":"closed","ping_status":"closed","template":"","meta":{"footnotes":""},"class_list":["post-1696","page","type-page","status-publish","hentry"],"_links":{"self":[{"href":"https:\/\/europeandockworkers.org\/fr\/wp-json\/wp\/v2\/pages\/1696","targetHints":{"allow":["GET"]}}],"collection":[{"href":"https:\/\/europeandockworkers.org\/fr\/wp-json\/wp\/v2\/pages"}],"about":[{"href":"https:\/\/europeandockworkers.org\/fr\/wp-json\/wp\/v2\/types\/page"}],"author":[{"embeddable":true,"href":"https:\/\/europeandockworkers.org\/fr\/wp-json\/wp\/v2\/users\/1"}],"replies":[{"embeddable":true,"href":"https:\/\/europeandockworkers.org\/fr\/wp-json\/wp\/v2\/comments?post=1696"}],"version-history":[{"count":3,"href":"https:\/\/europeandockworkers.org\/fr\/wp-json\/wp\/v2\/pages\/1696\/revisions"}],"predecessor-version":[{"id":1715,"href":"https:\/\/europeandockworkers.org\/fr\/wp-json\/wp\/v2\/pages\/1696\/revisions\/1715"}],"wp:attachment":[{"href":"https:\/\/europeandockworkers.org\/fr\/wp-json\/wp\/v2\/media?parent=1696"}],"curies":[{"name":"wp","href":"https:\/\/api.w.org\/{rel}","templated":true}]}}