{"id":1383,"date":"2022-10-16T21:41:03","date_gmt":"2022-10-16T21:41:03","guid":{"rendered":"https:\/\/fun01.wp.europeandockworkers.org\/?page_id=1383"},"modified":"2023-09-12T11:46:46","modified_gmt":"2023-09-12T11:46:46","slug":"our-values-and-priorities","status":"publish","type":"page","link":"https:\/\/europeandockworkers.org\/fr\/our-values-and-priorities\/","title":{"rendered":"Nos valeurs et priorit\u00e9s"},"content":{"rendered":"<div class=\"wpb-content-wrapper\"><p>[vc_row css=&#8221;.vc_custom_1665956610774{padding-bottom: 50px !important;}&#8221;][vc_column][vc_row_inner css=&#8221;.vc_custom_1665956437943{background-image: url(https:\/\/europeandockworkers.org\/wp-content\/uploads\/2022\/10\/background_mission.png?id=1519) !important;background-position: center !important;background-repeat: no-repeat !important;background-size: cover !important;}&#8221;][vc_column_inner width=&#8221;1\/3&#8243;][vc_single_image image=&#8221;1647&#8243; img_size=&#8221;full&#8221; alignment=&#8221;center&#8221; css_animation=&#8221;fadeInDown&#8221;][\/vc_column_inner][vc_column_inner width=&#8221;2\/3&#8243;][vc_column_text]<span style=\"color: #000;\">L&#8217;EDC d\u00e9fend des valeurs sociales fondamentales comme la solidarit\u00e9, l\u2019\u00e9galit\u00e9, la d\u00e9mocratie, la justice sociale, l\u2019unit\u00e9 et le respect des droits de la personne. <\/span><\/p>\n<p><span style=\"color: #000;\">L\u2019action unie de l&#8217;EDC vise \u00e0 faire de l\u2019am\u00e9lioration du bien-\u00eatre des travailleurs et de leurs familles une priorit\u00e9. <\/span><\/p>\n<p><span style=\"color: #000;\">L&#8217;EDC promeut les int\u00e9r\u00eats des Dockers et des Travailleurs portuaires en Europe par sa participation \u00e0 toutes les organisations europ\u00e9ennes, y compris le comit\u00e9 de dialogue social sectoriel, les forums, les organes de consultation et les comit\u00e9s d\u2019\u00e9valuation. <\/span><\/p>\n<p><span style=\"color: #000;\">De m\u00eame, l&#8217;EDC est cens\u00e9e \u00eatre une voix d\u00e9cisionnelle dans toutes les organisations europ\u00e9ennes et internationales sur les questions relatives aux int\u00e9r\u00eats des Dockers et Travailleurs portuaires europ\u00e9ens.<\/span><\/p>\n<p><span style=\"color: #000;\">L&#8217;EDC lutte pour des emplois de qualit\u00e9, les droits des travailleurs et une soci\u00e9t\u00e9 juste:<\/span><\/p>\n<ul>\n<li style=\"color: #000;\">sant\u00e9 et s\u00e9curit\u00e9 au travail<\/li>\n<li style=\"color: #000;\">protection des droits sociaux<\/li>\n<li style=\"color: #000;\">augmentations de salaire pour les travailleurs<\/li>\n<li style=\"color: #000;\">des emplois de qualit\u00e9 pour tous<\/li>\n<li style=\"color: #000;\">un niveau \u00e9lev\u00e9 de protection sociale<\/li>\n<li style=\"color: #000;\">\u00e9galit\u00e9 des sexes et r\u00e9mun\u00e9ration \u00e9quitable<\/li>\n<li style=\"color: #000;\">une transition juste pour les travailleurs dans le pacte vert europ\u00e9en pour lutter contre le changement climatique<\/li>\n<\/ul>\n<p>[\/vc_column_text][vc_single_image image=&#8221;1349&#8243; img_size=&#8221;500&#215;75&#8243; alignment=&#8221;center&#8221;][\/vc_column_inner][\/vc_row_inner][\/vc_column][\/vc_row]<\/p>\n<\/div>","protected":false},"excerpt":{"rendered":"<p>[vc_row css=&#8221;.vc_custom_1665956610774{padding-bottom: 50px !important;}&#8221;][vc_column][vc_row_inner css=&#8221;.vc_custom_1665956437943{background-image: url(https:\/\/europeandockworkers.org\/wp-content\/uploads\/2022\/10\/background_mission.png?id=1519) !important;background-position: center !important;background-repeat: no-repeat !important;background-size: cover !important;}&#8221;][vc_column_inner width=&#8221;1\/3&#8243;][vc_single_image image=&#8221;1647&#8243; img_size=&#8221;full&#8221; alignment=&#8221;center&#8221; css_animation=&#8221;fadeInDown&#8221;][\/vc_column_inner][vc_column_inner width=&#8221;2\/3&#8243;][vc_column_text]L&#8217;EDC d\u00e9fend des valeurs sociales fondamentales comme la solidarit\u00e9, l\u2019\u00e9galit\u00e9, la d\u00e9mocratie, la justice sociale, l\u2019unit\u00e9 et le respect des droits de&#8230;<\/p>\n","protected":false},"author":1,"featured_media":0,"parent":0,"menu_order":0,"comment_status":"closed","ping_status":"closed","template":"","meta":{"footnotes":""},"class_list":["post-1383","page","type-page","status-publish","hentry"],"_links":{"self":[{"href":"https:\/\/europeandockworkers.org\/fr\/wp-json\/wp\/v2\/pages\/1383","targetHints":{"allow":["GET"]}}],"collection":[{"href":"https:\/\/europeandockworkers.org\/fr\/wp-json\/wp\/v2\/pages"}],"about":[{"href":"https:\/\/europeandockworkers.org\/fr\/wp-json\/wp\/v2\/types\/page"}],"author":[{"embeddable":true,"href":"https:\/\/europeandockworkers.org\/fr\/wp-json\/wp\/v2\/users\/1"}],"replies":[{"embeddable":true,"href":"https:\/\/europeandockworkers.org\/fr\/wp-json\/wp\/v2\/comments?post=1383"}],"version-history":[{"count":15,"href":"https:\/\/europeandockworkers.org\/fr\/wp-json\/wp\/v2\/pages\/1383\/revisions"}],"predecessor-version":[{"id":1694,"href":"https:\/\/europeandockworkers.org\/fr\/wp-json\/wp\/v2\/pages\/1383\/revisions\/1694"}],"wp:attachment":[{"href":"https:\/\/europeandockworkers.org\/fr\/wp-json\/wp\/v2\/media?parent=1383"}],"curies":[{"name":"wp","href":"https:\/\/api.w.org\/{rel}","templated":true}]}}