{"id":1278,"date":"2022-05-05T11:42:10","date_gmt":"2022-05-05T11:42:10","guid":{"rendered":"https:\/\/fun01.wp.europeandockworkers.org\/about-us\/"},"modified":"2023-09-12T11:10:17","modified_gmt":"2023-09-12T11:10:17","slug":"about-us","status":"publish","type":"page","link":"https:\/\/europeandockworkers.org\/fr\/about-us\/","title":{"rendered":"\u00c0 propos de nous"},"content":{"rendered":"<div class=\"wpb-content-wrapper\"><p>[vc_row parallax=&#8221;content-moving&#8221; css=&#8221;.vc_custom_1665931180423{background-position: center;background-repeat: no-repeat !important;background-size: contain !important;}&#8221;][vc_column width=&#8221;1\/2&#8243;][vc_single_image image=&#8221;1631&#8243; img_size=&#8221;full&#8221;][\/vc_column][vc_column width=&#8221;1\/2&#8243; css=&#8221;.vc_custom_1694014180600{padding-top: 50px !important;background-image: url(https:\/\/europeandockworkers.org\/wp-content\/uploads\/2022\/10\/logo-EDC-transp-1.png?id=1337) !important;background-position: center !important;background-repeat: no-repeat !important;background-size: contain !important;}&#8221;][vc_column_text css=&#8221;.vc_custom_1694516984424{padding-top: 50px !important;padding-bottom: 50px !important;}&#8221;]<\/p>\n<p style=\"text-align: center; color: #000;\">L\u2019<strong>EDC<\/strong>\u00a0\u00b7 <strong>European Dockworkers Council<\/strong> \u00b7 est la voix des <strong>Dockers<\/strong> et <strong>Travailleurs portuaires<\/strong>.<\/p>\n<p style=\"text-align: center; color: #000;\">L\u2019organisation repr\u00e9sente aujourd\u2019hui plus de<strong> 15.0000 membres<\/strong> de <strong>14 syndicats<\/strong> dans <strong>12 pays europ\u00e9ens<\/strong>.<\/p>\n<p style=\"text-align: center; color: #000;\">La <strong>solidarit\u00e9<\/strong> est notre but principal et vise \u00e0 soutenir tous les syndicats affili\u00e9s et \u00e0 participer dans la d\u00e9fense des int\u00e9r\u00eats sociaux, \u00e9conomiques, professionnels et \u00e9ducatifs des travailleurs repr\u00e9sent\u00e9s.<\/p>\n<div id=\"simple-translate\" class=\"simple-translate-light-theme\">\n<div>\n<div class=\"simple-translate-button isShow\" style=\"background-image: url('moz-extension:\/\/2c71892d-9d8a-4b93-bca7-c9817e547f15\/icons\/512.png'); height: 22px; width: 22px; top: 117px; left: 138px;\"><\/div>\n<div class=\"simple-translate-panel \" style=\"width: 300px; height: 200px; top: 0px; left: 0px; font-size: 13px;\">\n<div class=\"simple-translate-result-wrapper\" style=\"overflow: hidden;\">\n<div class=\"simple-translate-move\" draggable=\"true\"><\/div>\n<div class=\"simple-translate-result-contents\">\n<p class=\"simple-translate-candidate\" dir=\"auto\">\n<\/div>\n<\/div>\n<\/div>\n<\/div>\n<\/div>\n<p>[\/vc_column_text][\/vc_column][\/vc_row]<\/p>\n<\/div>","protected":false},"excerpt":{"rendered":"<p>[vc_row parallax=&#8221;content-moving&#8221; css=&#8221;.vc_custom_1665931180423{background-position: center;background-repeat: no-repeat !important;background-size: contain !important;}&#8221;][vc_column width=&#8221;1\/2&#8243;][vc_single_image image=&#8221;1631&#8243; img_size=&#8221;full&#8221;][\/vc_column][vc_column width=&#8221;1\/2&#8243; css=&#8221;.vc_custom_1694014180600{padding-top: 50px !important;background-image: url(https:\/\/europeandockworkers.org\/wp-content\/uploads\/2022\/10\/logo-EDC-transp-1.png?id=1337) !important;background-position: center !important;background-repeat: no-repeat !important;background-size: contain !important;}&#8221;][vc_column_text css=&#8221;.vc_custom_1694516984424{padding-top: 50px !important;padding-bottom: 50px !important;}&#8221;] L\u2019EDC\u00a0\u00b7 European Dockworkers Council \u00b7 est la voix des Dockers et Travailleurs&#8230;<\/p>\n","protected":false},"author":1,"featured_media":0,"parent":0,"menu_order":0,"comment_status":"closed","ping_status":"closed","template":"","meta":{"footnotes":""},"class_list":["post-1278","page","type-page","status-publish","hentry"],"_links":{"self":[{"href":"https:\/\/europeandockworkers.org\/fr\/wp-json\/wp\/v2\/pages\/1278","targetHints":{"allow":["GET"]}}],"collection":[{"href":"https:\/\/europeandockworkers.org\/fr\/wp-json\/wp\/v2\/pages"}],"about":[{"href":"https:\/\/europeandockworkers.org\/fr\/wp-json\/wp\/v2\/types\/page"}],"author":[{"embeddable":true,"href":"https:\/\/europeandockworkers.org\/fr\/wp-json\/wp\/v2\/users\/1"}],"replies":[{"embeddable":true,"href":"https:\/\/europeandockworkers.org\/fr\/wp-json\/wp\/v2\/comments?post=1278"}],"version-history":[{"count":17,"href":"https:\/\/europeandockworkers.org\/fr\/wp-json\/wp\/v2\/pages\/1278\/revisions"}],"predecessor-version":[{"id":1638,"href":"https:\/\/europeandockworkers.org\/fr\/wp-json\/wp\/v2\/pages\/1278\/revisions\/1638"}],"wp:attachment":[{"href":"https:\/\/europeandockworkers.org\/fr\/wp-json\/wp\/v2\/media?parent=1278"}],"curies":[{"name":"wp","href":"https:\/\/api.w.org\/{rel}","templated":true}]}}