{"id":1163,"date":"2022-05-05T16:28:04","date_gmt":"2022-05-05T16:28:04","guid":{"rendered":"https:\/\/fun01.wp.europeandockworkers.org\/home\/"},"modified":"2024-03-27T11:11:11","modified_gmt":"2024-03-27T11:11:11","slug":"home","status":"publish","type":"page","link":"https:\/\/europeandockworkers.org\/fr\/","title":{"rendered":"Accueil"},"content":{"rendered":"<div class=\"wpb-content-wrapper\"><p>[vc_row css=&#8221;.vc_custom_1666009376453{padding-top: 150px !important;background-image: url(https:\/\/europeandockworkers.org\/wp-content\/uploads\/2022\/10\/background_home.jpg?id=1297) !important;background-position: center !important;background-repeat: no-repeat !important;background-size: cover !important;}&#8221;][vc_column width=&#8221;1\/3&#8243;][vc_single_image image=&#8221;2299&#8243; img_size=&#8221;medium&#8221; alignment=&#8221;center&#8221; style=&#8221;vc_box_shadow&#8221; onclick=&#8221;custom_link&#8221; link=&#8221;https:\/\/europeandockworkers.org\/edc-are-preparing-a-demonstration-on-april-3-on-luxembourg-square-in-brussels\/&#8221;][\/vc_column][vc_column width=&#8221;1\/3&#8243;][vc_single_image image=&#8221;1300&#8243; img_size=&#8221;200&#215;333&#8243; alignment=&#8221;center&#8221; css_animation=&#8221;fadeIn&#8221;][\/vc_column][vc_column width=&#8221;1\/3&#8243;][vc_column_text]<div id=\"metaslider-id-1487\" style=\"width: 100%; margin: 0 auto;\" class=\"ml-slider-3-97-0 metaslider metaslider-responsive metaslider-1487 ml-slider ms-theme-default\" role=\"region\" aria-roledescription=\"Slideshow\" aria-label=\"Fotos\" data-width=\"640\">\n    <div id=\"metaslider_container_1487\">\n        <ul id='metaslider_1487' class='rslides'>\n            <li aria-roledescription='slide' aria-labelledby='slide-0'><img loading=\"lazy\" decoding=\"async\" src=\"https:\/\/europeandockworkers.org\/wp-content\/uploads\/2022\/10\/slider-03.jpg\" height=\"480\" width=\"640\" alt=\"\" class=\"slider-1487 slide-1488\" title=\"slider 03\" \/><\/li>\n            <li style='display: none;' aria-roledescription='slide' aria-labelledby='slide-1'><img loading=\"lazy\" decoding=\"async\" src=\"https:\/\/europeandockworkers.org\/wp-content\/uploads\/2022\/10\/slider-04.jpg\" height=\"480\" width=\"640\" alt=\"\" class=\"slider-1487 slide-1489\" title=\"slider 04\" \/><\/li>\n            <li style='display: none;' aria-roledescription='slide' aria-labelledby='slide-2'><img loading=\"lazy\" decoding=\"async\" src=\"https:\/\/europeandockworkers.org\/wp-content\/uploads\/2022\/10\/slider-01-569x427.jpg\" height=\"480\" width=\"640\" alt=\"\" class=\"slider-1487 slide-1490\" title=\"slider 01\" \/><\/li>\n            <li style='display: none;' aria-roledescription='slide' aria-labelledby='slide-3'><img loading=\"lazy\" decoding=\"async\" src=\"https:\/\/europeandockworkers.org\/wp-content\/uploads\/2022\/10\/slider-02-569x427.jpg\" height=\"480\" width=\"640\" alt=\"\" class=\"slider-1487 slide-1491\" title=\"slider 02\" \/><\/li>\n        <\/ul>\n        \n    <\/div>\n<\/div>\n<div id=\"simple-translate\" class=\"simple-translate-light-theme\">\n<div>\n<div class=\"simple-translate-button isShow\" style=\"background-image: url('moz-extension:\/\/2c71892d-9d8a-4b93-bca7-c9817e547f15\/icons\/512.png'); height: 22px; width: 22px; top: -5px; left: -236px;\"><\/div>\n<div class=\"simple-translate-panel \" style=\"width: 300px; height: 200px; top: 0px; left: 0px; font-size: 13px;\">\n<div class=\"simple-translate-result-wrapper\" style=\"overflow: hidden;\">\n<div class=\"simple-translate-move\" draggable=\"true\"><\/div>\n<div class=\"simple-translate-result-contents\">\n<p class=\"simple-translate-candidate\" dir=\"auto\">\n<\/div>\n<\/div>\n<\/div>\n<\/div>\n<\/div>\n<p>[\/vc_column_text][\/vc_column][\/vc_row][vc_row][vc_column][vc_custom_heading text=&#8221;Une seule voix au nom des Dockers et Travailleurs portuaires europ\u00e9ens pour de plus hauts standards des droits des travailleurs, pour \u00e9liminer les in\u00e9galit\u00e9s, et pour une Europe sociale.&#8221; font_container=&#8221;tag:h2|text_align:center|color:%23da291c&#8221; google_fonts=&#8221;font_family:Concert%20One%3Aregular|font_style:400%20regular%3A400%3Anormal&#8221;][\/vc_column][\/vc_row]<\/p>\n<\/div>","protected":false},"excerpt":{"rendered":"<p>[vc_row css=&#8221;.vc_custom_1666009376453{padding-top: 150px !important;background-image: url(https:\/\/europeandockworkers.org\/wp-content\/uploads\/2022\/10\/background_home.jpg?id=1297) !important;background-position: center !important;background-repeat: no-repeat !important;background-size: cover !important;}&#8221;][vc_column width=&#8221;1\/3&#8243;][vc_single_image image=&#8221;2299&#8243; img_size=&#8221;medium&#8221; alignment=&#8221;center&#8221; style=&#8221;vc_box_shadow&#8221; onclick=&#8221;custom_link&#8221; link=&#8221;https:\/\/europeandockworkers.org\/edc-are-preparing-a-demonstration-on-april-3-on-luxembourg-square-in-brussels\/&#8221;][\/vc_column][vc_column width=&#8221;1\/3&#8243;][vc_single_image image=&#8221;1300&#8243; img_size=&#8221;200&#215;333&#8243; alignment=&#8221;center&#8221; css_animation=&#8221;fadeIn&#8221;][\/vc_column][vc_column width=&#8221;1\/3&#8243;][vc_column_text] [\/vc_column_text][\/vc_column][\/vc_row][vc_row][vc_column][vc_custom_heading text=&#8221;Une seule voix au nom des Dockers et Travailleurs portuaires europ\u00e9ens pour de plus&#8230;<\/p>\n","protected":false},"author":1,"featured_media":0,"parent":0,"menu_order":0,"comment_status":"closed","ping_status":"closed","template":"","meta":{"footnotes":""},"class_list":["post-1163","page","type-page","status-publish","hentry"],"_links":{"self":[{"href":"https:\/\/europeandockworkers.org\/fr\/wp-json\/wp\/v2\/pages\/1163","targetHints":{"allow":["GET"]}}],"collection":[{"href":"https:\/\/europeandockworkers.org\/fr\/wp-json\/wp\/v2\/pages"}],"about":[{"href":"https:\/\/europeandockworkers.org\/fr\/wp-json\/wp\/v2\/types\/page"}],"author":[{"embeddable":true,"href":"https:\/\/europeandockworkers.org\/fr\/wp-json\/wp\/v2\/users\/1"}],"replies":[{"embeddable":true,"href":"https:\/\/europeandockworkers.org\/fr\/wp-json\/wp\/v2\/comments?post=1163"}],"version-history":[{"count":31,"href":"https:\/\/europeandockworkers.org\/fr\/wp-json\/wp\/v2\/pages\/1163\/revisions"}],"predecessor-version":[{"id":2302,"href":"https:\/\/europeandockworkers.org\/fr\/wp-json\/wp\/v2\/pages\/1163\/revisions\/2302"}],"wp:attachment":[{"href":"https:\/\/europeandockworkers.org\/fr\/wp-json\/wp\/v2\/media?parent=1163"}],"curies":[{"name":"wp","href":"https:\/\/api.w.org\/{rel}","templated":true}]}}