{"id":1733,"date":"2022-10-16T17:17:39","date_gmt":"2022-10-16T17:17:39","guid":{"rendered":"https:\/\/fun01.wp.europeandockworkers.org\/members-2\/"},"modified":"2023-09-29T13:16:54","modified_gmt":"2023-09-29T13:16:54","slug":"members","status":"publish","type":"page","link":"https:\/\/europeandockworkers.org\/es\/members\/","title":{"rendered":"Miembros"},"content":{"rendered":"<div class=\"wpb-content-wrapper\"><p>[vc_row][vc_column width=\u00bb2\/3&#8243;][vc_single_image image=\u00bb2012&#8243; img_size=\u00bbfull\u00bb alignment=\u00bbcenter\u00bb css_animation=\u00bbfadeIn\u00bb][\/vc_column][vc_column width=\u00bb1\/3&#8243;][vc_column_text]<\/p>\n<h2><span style=\"color: #000000;\"><strong>MIEMBROS<\/strong><\/span><\/h2>\n<p><span style=\"color: #000000;\"><b>CHIPRE<\/b> \u00b7 Segdamelin \u00b7<\/span><\/p>\n<p><span style=\"color: #000000;\"><strong>CROACIA<\/strong> \u00b7 Samostalni Sindikat Zaposlenika Luke Vukovar<\/span><\/p>\n<p><span style=\"color: #000000;\"><b>DINAMARCA<\/b> \u00b7 Aarhus Dockworkers Union \u00b7<\/span><\/p>\n<p><span style=\"color: #000000;\"><strong>DINAMARCA<\/strong> \u00b7 Havnearbejdernes Klub af 1980 \u00b7<\/span><\/p>\n<p><span style=\"color: #000000;\"><b>FRANCIA <\/b>\u00b7 F\u00e9d\u00e9ration Nationales des Ports et Docks CGT \u00b7<\/span><\/p>\n<p><span style=\"color: #000000;\"><b>GRECIA<\/b> \u00b7 Omyle \u00b7<\/span><\/p>\n<p><span style=\"color: #000000;\"><b>GRECIA<\/b> \u00b7 Dockworkers Union of Piraeus Port Authority PPA \u00b7<\/span><\/p>\n<p><span style=\"color: #000000;\"><strong>ITALIA<\/strong>\u00b7 Coordinamento Lavoratori Portuali Trieste CLPT \u00b7<\/span><\/p>\n<p><span style=\"color: #000000;\"><b>MALTA<\/b> \u00b7 Malta Dockworkers Union\u00a0\u00b7<\/span><\/p>\n<p><span style=\"color: #000000;\"><b>MONTENEGRO<\/b> \u00b7 Port of Bar Trade Union \u00b7<\/span><\/p>\n<p><span style=\"color: #000000;\"><strong>PORTUGAL<\/strong> \u00b7 Federa\u00e7\u00e3o Nacional dos Sindicatos de Trabalhadores Portu\u00e1rios FNSTP \u00b7<\/span><\/p>\n<p><span style=\"color: #000000;\"><b>ESLOVENIA<\/b> \u00b7 Koper Crane Operators Union \u00b7<\/span><\/p>\n<p><span style=\"color: #000000;\"><b>ESPA\u00d1A<\/b> \u00b7 <a href=\"https:\/\/www.coordinadora.org\" target=\"_blank\" rel=\"noopener\">Coordinadora Estatal de Estibadores Portuarios<\/a> \u00b7<\/span><\/p>\n<p><span style=\"color: #000000;\"><b>SUECIA<\/b> \u00b7 Svenka Hamnarbetaeforbundet \u00b7<\/span><\/p>\n<p>&nbsp;<\/p>\n<p>&nbsp;<\/p>\n<h2 style=\"text-align: center;\"><span style=\"color: #ff0000;\"><em><strong>\u00a1\u00danete a nosotros, \u00fanete al EDC!<\/strong><\/em><\/span><\/h2>\n<div id=\"simple-translate\" class=\"simple-translate-light-theme\">\n<div>\n<div class=\"simple-translate-button isShow\" style=\"background-image: url('moz-extension:\/\/6d3d9d20-3bd3-4ec2-866e-2f03380aaa8c\/icons\/512.png'); height: 22px; width: 22px; top: 169px; left: 438px;\"><\/div>\n<div class=\"simple-translate-panel \" style=\"width: 300px; height: 200px; top: 0px; left: 0px; font-size: 13px;\">\n<div class=\"simple-translate-result-wrapper\" style=\"overflow: hidden;\">\n<div class=\"simple-translate-move\" draggable=\"true\"><\/div>\n<div class=\"simple-translate-result-contents\">\n<p class=\"simple-translate-candidate\" dir=\"auto\">\n<\/div>\n<\/div>\n<\/div>\n<\/div>\n<\/div>\n<p>[\/vc_column_text][\/vc_column][\/vc_row]<\/p>\n<\/div>","protected":false},"excerpt":{"rendered":"<p>[vc_row][vc_column width=\u00bb2\/3&#8243;][vc_single_image image=\u00bb2012&#8243; img_size=\u00bbfull\u00bb alignment=\u00bbcenter\u00bb css_animation=\u00bbfadeIn\u00bb][\/vc_column][vc_column width=\u00bb1\/3&#8243;][vc_column_text] MIEMBROS CHIPRE \u00b7 Segdamelin \u00b7 CROACIA \u00b7 Samostalni Sindikat Zaposlenika Luke Vukovar DINAMARCA \u00b7 Aarhus Dockworkers Union \u00b7 DINAMARCA \u00b7 Havnearbejdernes Klub af 1980 \u00b7 FRANCIA \u00b7 F\u00e9d\u00e9ration Nationales des Ports et Docks&#8230;<\/p>\n","protected":false},"author":1,"featured_media":0,"parent":0,"menu_order":0,"comment_status":"closed","ping_status":"closed","template":"","meta":{"footnotes":""},"class_list":["post-1733","page","type-page","status-publish","hentry"],"_links":{"self":[{"href":"https:\/\/europeandockworkers.org\/es\/wp-json\/wp\/v2\/pages\/1733","targetHints":{"allow":["GET"]}}],"collection":[{"href":"https:\/\/europeandockworkers.org\/es\/wp-json\/wp\/v2\/pages"}],"about":[{"href":"https:\/\/europeandockworkers.org\/es\/wp-json\/wp\/v2\/types\/page"}],"author":[{"embeddable":true,"href":"https:\/\/europeandockworkers.org\/es\/wp-json\/wp\/v2\/users\/1"}],"replies":[{"embeddable":true,"href":"https:\/\/europeandockworkers.org\/es\/wp-json\/wp\/v2\/comments?post=1733"}],"version-history":[{"count":11,"href":"https:\/\/europeandockworkers.org\/es\/wp-json\/wp\/v2\/pages\/1733\/revisions"}],"predecessor-version":[{"id":2015,"href":"https:\/\/europeandockworkers.org\/es\/wp-json\/wp\/v2\/pages\/1733\/revisions\/2015"}],"wp:attachment":[{"href":"https:\/\/europeandockworkers.org\/es\/wp-json\/wp\/v2\/media?parent=1733"}],"curies":[{"name":"wp","href":"https:\/\/api.w.org\/{rel}","templated":true}]}}