{"id":1723,"date":"2022-10-16T15:38:23","date_gmt":"2022-10-16T15:38:23","guid":{"rendered":"https:\/\/fun01.wp.europeandockworkers.org\/our-actions\/"},"modified":"2023-09-12T12:18:20","modified_gmt":"2023-09-12T12:18:20","slug":"our-actions","status":"publish","type":"page","link":"https:\/\/europeandockworkers.org\/es\/our-actions\/","title":{"rendered":"Nuestras acciones"},"content":{"rendered":"<div class=\"wpb-content-wrapper\"><p>[vc_row css=\u00bb.vc_custom_1665957660592{background-image: url(https:\/\/europeandockworkers.org\/wp-content\/uploads\/2022\/10\/background_whoweare.png?id=1540) !important;background-position: center !important;background-repeat: no-repeat !important;background-size: cover !important;}\u00bb][vc_column][vc_row_inner][vc_column_inner width=\u00bb1\/3&#8243;][vc_single_image image=\u00bb1673&#8243; img_size=\u00bbfull\u00bb alignment=\u00bbcenter\u00bb css_animation=\u00bbfadeInDown\u00bb][\/vc_column_inner][vc_column_inner width=\u00bb2\/3&#8243;][vc_column_text]<span style=\"color: #000;\"><strong>EDC<\/strong> es una organizaci\u00f3n unitaria de <strong>Estibadores y Trabajadores Portuarios Europeos<\/strong> que unen sus fuerzas para garantizar que <strong>todos sean y siempre ser\u00e1n tratados equitativamente en el trabajo, que sus condiciones de trabajo sean decentes, seguras y mejoradas cuando sea necesario, que sus derechos son plenamente respetados y que su futuro profesional est\u00e1 justamente protegido<\/strong>.<br \/>\n<\/span><\/p>\n<p><span style=\"color: #000;\">Para ello, gracias al intercambio de informaci\u00f3n entre los miembros, y bajo su valor com\u00fan <strong>\u00abAll together as One\u00bb<\/strong>, se analizan y comparan los hechos y la realidad de los puertos, y se desarrollan las propuestas de acci\u00f3n, a nivel nacional o europeo.<\/span><\/p>\n<p><span style=\"color: #000;\">Para alcanzar estos objetivos, <strong>EDC pide a todos los Estibadores y Trabajadores portuarios<\/strong> que se organicen, discutan y act\u00faen en el Consejo Europeo de Estibadores.<\/span><\/p>\n<p><span style=\"color: #000;\">El progreso social, econ\u00f3mico y cultural lo exige. Los exhorta a movilizarse y a adoptar todas las medidas necesarias para que EDC mantenga y refuerce su unidad, su esp\u00edritu combativo y su solidaridad.<\/span><\/p>\n<ul>\n<li style=\"color: #000;\"><strong>Al promover la unidad de la clase obrera<\/strong>, respetando las diferencias culturales, ideol\u00f3gicas, religiosas o cualquier otro tipo de juicio, EDC reafirma su compromiso con las relaciones y la cooperaci\u00f3n europeas e internacionales, y a la fraternidad con las organizaciones progresistas y democr\u00e1ticas.<\/li>\n<li style=\"color: #000;\"><strong>Influir en la toma de decisiones europea<\/strong>: el Tratado de la UE obliga a la Comisi\u00f3n Europea a consultar a los interlocutores sociales europeos sobre todas las propuestas relativas al empleo y la pol\u00edtica social.<\/li>\n<li style=\"color: #000;\"><strong>La representaci\u00f3n de los trabajadores a trav\u00e9s del Comit\u00e9 de di\u00e1logo social sectorial europeo<\/strong>, que re\u00fane a representantes de los sindicatos y de las organizaciones de empleadores (los interlocutores sociales europeos) e implica debates, negociaciones y acciones comunes. El di\u00e1logo social est\u00e1 inscrito en el Tratado y constituye un elemento fundamental del modelo social europeo.<\/li>\n<\/ul>\n<p>[\/vc_column_text][\/vc_column_inner][\/vc_row_inner][\/vc_column][\/vc_row]<\/p>\n<\/div>","protected":false},"excerpt":{"rendered":"<p>[vc_row css=\u00bb.vc_custom_1665957660592{background-image: url(https:\/\/europeandockworkers.org\/wp-content\/uploads\/2022\/10\/background_whoweare.png?id=1540) !important;background-position: center !important;background-repeat: no-repeat !important;background-size: cover !important;}\u00bb][vc_column][vc_row_inner][vc_column_inner width=\u00bb1\/3&#8243;][vc_single_image image=\u00bb1673&#8243; img_size=\u00bbfull\u00bb alignment=\u00bbcenter\u00bb css_animation=\u00bbfadeInDown\u00bb][\/vc_column_inner][vc_column_inner width=\u00bb2\/3&#8243;][vc_column_text]EDC es una organizaci\u00f3n unitaria de Estibadores y Trabajadores Portuarios Europeos que unen sus fuerzas para garantizar que todos sean y siempre ser\u00e1n tratados equitativamente&#8230;<\/p>\n","protected":false},"author":1,"featured_media":0,"parent":0,"menu_order":0,"comment_status":"closed","ping_status":"closed","template":"","meta":{"footnotes":""},"class_list":["post-1723","page","type-page","status-publish","hentry"],"_links":{"self":[{"href":"https:\/\/europeandockworkers.org\/es\/wp-json\/wp\/v2\/pages\/1723","targetHints":{"allow":["GET"]}}],"collection":[{"href":"https:\/\/europeandockworkers.org\/es\/wp-json\/wp\/v2\/pages"}],"about":[{"href":"https:\/\/europeandockworkers.org\/es\/wp-json\/wp\/v2\/types\/page"}],"author":[{"embeddable":true,"href":"https:\/\/europeandockworkers.org\/es\/wp-json\/wp\/v2\/users\/1"}],"replies":[{"embeddable":true,"href":"https:\/\/europeandockworkers.org\/es\/wp-json\/wp\/v2\/comments?post=1723"}],"version-history":[{"count":3,"href":"https:\/\/europeandockworkers.org\/es\/wp-json\/wp\/v2\/pages\/1723\/revisions"}],"predecessor-version":[{"id":1728,"href":"https:\/\/europeandockworkers.org\/es\/wp-json\/wp\/v2\/pages\/1723\/revisions\/1728"}],"wp:attachment":[{"href":"https:\/\/europeandockworkers.org\/es\/wp-json\/wp\/v2\/media?parent=1723"}],"curies":[{"name":"wp","href":"https:\/\/api.w.org\/{rel}","templated":true}]}}