{"id":1709,"date":"2022-10-16T15:56:00","date_gmt":"2022-10-16T15:56:00","guid":{"rendered":"https:\/\/fun01.wp.europeandockworkers.org\/the-edc-statutes\/"},"modified":"2024-10-01T10:11:24","modified_gmt":"2024-10-01T10:11:24","slug":"the-edc-statutes","status":"publish","type":"page","link":"https:\/\/europeandockworkers.org\/es\/the-edc-statutes\/","title":{"rendered":"Los estatutos de EDC"},"content":{"rendered":"<div class=\"wpb-content-wrapper\"><p>[vc_row css=\u00bb.vc_custom_1665957025127{padding-top: 100px !important;padding-bottom: 100px !important;background-image: url(https:\/\/europeandockworkers.org\/wp-content\/uploads\/2022\/10\/background_statutes.png?id=1527) !important;background-position: center !important;background-repeat: no-repeat !important;background-size: cover !important;}\u00bb][vc_column][vc_row_inner][vc_column_inner width=\u00bb1\/3&#8243;][vc_single_image image=\u00bb1651&#8243; img_size=\u00bbfull\u00bb alignment=\u00bbcenter\u00bb css_animation=\u00bbfadeInDown\u00bb][\/vc_column_inner][vc_column_inner width=\u00bb2\/3&#8243;][vc_column_text css=\u00bb.vc_custom_1694520276581{padding-right: 100px !important;padding-left: 100px !important;}\u00bb]<span style=\"color: #000000;\">El derecho a fundarse en un sindicato es un derecho humano fundamental. La Organizaci\u00f3n Internacional del Trabajo ha proclamado que se trata de un derecho subjetivo y fundamental, de conformidad con el Convenio sobre la libertad sindical y la protecci\u00f3n del derecho sindical (n\u00ba 87). De conformidad con la aplicaci\u00f3n de este derecho universalmente reconocido, la organizaci\u00f3n sindical de Estibadores y Trabajadores portuarios internacional se cre\u00f3 con el nombre de:<\/span><\/p>\n<p style=\"text-align: center;\"><span style=\"color: #000000;\"><b>EDC<\/b>\u00a0\u00b7\u00a0<b>European Dockworkers Council<\/b><\/span><\/p>\n<p>[\/vc_column_text][vc_icon icon_fontawesome=\u00bbfas fa-file-pdf\u00bb color=\u00bbcustom\u00bb background_style=\u00bbrounded-less\u00bb size=\u00bblg\u00bb align=\u00bbcenter\u00bb css_animation=\u00bbfadeIn\u00bb custom_color=\u00bb#e53026&#8243; css=\u00bb.vc_custom_1727777480314{margin-top: 30px !important;}\u00bb link=\u00bburl:https%3A%2F%2Feuropeandockworkers.org%2Fes%2Fcontact%2F|title:Contactar\u00bb][vc_column_text]<\/p>\n<p style=\"text-align: center;\"><em><a href=\"https:\/\/europeandockworkers.org\/es\/contact\/\" rel=\"noopener\"><strong>ESTATUTOS DE EDC<\/strong><\/a><br \/>\n<\/em><\/p>\n<p>[\/vc_column_text][\/vc_column_inner][\/vc_row_inner][\/vc_column][\/vc_row]<\/p>\n<\/div>","protected":false},"excerpt":{"rendered":"<p>[vc_row css=\u00bb.vc_custom_1665957025127{padding-top: 100px !important;padding-bottom: 100px !important;background-image: url(https:\/\/europeandockworkers.org\/wp-content\/uploads\/2022\/10\/background_statutes.png?id=1527) !important;background-position: center !important;background-repeat: no-repeat !important;background-size: cover !important;}\u00bb][vc_column][vc_row_inner][vc_column_inner width=\u00bb1\/3&#8243;][vc_single_image image=\u00bb1651&#8243; img_size=\u00bbfull\u00bb alignment=\u00bbcenter\u00bb css_animation=\u00bbfadeInDown\u00bb][\/vc_column_inner][vc_column_inner width=\u00bb2\/3&#8243;][vc_column_text css=\u00bb.vc_custom_1694520276581{padding-right: 100px !important;padding-left: 100px !important;}\u00bb]El derecho a fundarse en un sindicato es un derecho humano fundamental. La Organizaci\u00f3n Internacional del&#8230;<\/p>\n","protected":false},"author":1,"featured_media":0,"parent":0,"menu_order":0,"comment_status":"closed","ping_status":"closed","template":"","meta":{"footnotes":""},"class_list":["post-1709","page","type-page","status-publish","hentry"],"_links":{"self":[{"href":"https:\/\/europeandockworkers.org\/es\/wp-json\/wp\/v2\/pages\/1709","targetHints":{"allow":["GET"]}}],"collection":[{"href":"https:\/\/europeandockworkers.org\/es\/wp-json\/wp\/v2\/pages"}],"about":[{"href":"https:\/\/europeandockworkers.org\/es\/wp-json\/wp\/v2\/types\/page"}],"author":[{"embeddable":true,"href":"https:\/\/europeandockworkers.org\/es\/wp-json\/wp\/v2\/users\/1"}],"replies":[{"embeddable":true,"href":"https:\/\/europeandockworkers.org\/es\/wp-json\/wp\/v2\/comments?post=1709"}],"version-history":[{"count":6,"href":"https:\/\/europeandockworkers.org\/es\/wp-json\/wp\/v2\/pages\/1709\/revisions"}],"predecessor-version":[{"id":2520,"href":"https:\/\/europeandockworkers.org\/es\/wp-json\/wp\/v2\/pages\/1709\/revisions\/2520"}],"wp:attachment":[{"href":"https:\/\/europeandockworkers.org\/es\/wp-json\/wp\/v2\/media?parent=1709"}],"curies":[{"name":"wp","href":"https:\/\/api.w.org\/{rel}","templated":true}]}}