{"id":1700,"date":"2022-10-16T15:44:45","date_gmt":"2022-10-16T15:44:45","guid":{"rendered":"https:\/\/fun01.wp.europeandockworkers.org\/our-organization-and-people\/"},"modified":"2023-09-12T12:01:07","modified_gmt":"2023-09-12T12:01:07","slug":"our-organization-and-people","status":"publish","type":"page","link":"https:\/\/europeandockworkers.org\/es\/our-organization-and-people\/","title":{"rendered":"Nuestra organizaci\u00f3n y sus personas"},"content":{"rendered":"<div class=\"wpb-content-wrapper\"><p>[vc_row css=\u00bb.vc_custom_1665957463974{background-image: url(https:\/\/europeandockworkers.org\/wp-content\/uploads\/2022\/10\/background_organization-1.png?id=1536) !important;background-position: center !important;background-repeat: no-repeat !important;background-size: cover !important;}\u00bb][vc_column][vc_row_inner][vc_column_inner width=\u00bb1\/3&#8243;][vc_single_image image=\u00bb1705&#8243; img_size=\u00bbfull\u00bb alignment=\u00bbcenter\u00bb css_animation=\u00bbfadeInDown\u00bb][\/vc_column_inner][vc_column_inner width=\u00bb2\/3&#8243;][vc_column_text]<span style=\"color: #000;\">EDC fue creada en 2021 e incluye 14 organizaciones sindicales nacionales en 12 pa\u00edses europeos. EDC es una organizaci\u00f3n obrera unitaria, independiente, democr\u00e1tica y representativa cuyas decisiones son adoptadas por la Asamblea General.<\/span><\/p>\n<h3>Las personas de EDC<\/h3>\n<p><span style=\"color: #000;\">El coordinador elegido coordina las actividades cotidianas de EDC y las relaciones con las instituciones europeas y las organizaciones de empresarios. El Coordinador sugiere acciones sindicales europeas.<\/span><\/p>\n<p><span style=\"color: #000;\">Las organizaciones sindicales afiliadas a EDC participan:<\/span><\/p>\n<ul>\n<li style=\"color: #000;\">al <strong>grupo de trabajo general<\/strong> coordinado por el\/la coordinadora\/a de EDC.<\/li>\n<li style=\"color: #000;\">el <strong>grupo de trabajo sobre salud y seguridad<\/strong> dirigido por el\/el coordinador\/a de salud y seguridad.<\/li>\n<li style=\"color: #000;\">al <strong>Grupo de Trabajo sobre Igualdad, Diversidad e Inclusi\u00f3n (EDI)<\/strong>, dirigido por el\/la Coordinadora\/Coordinadora del EDI.<\/li>\n<li style=\"color: #000;\">a la <strong>Comisi\u00f3n de Control Financiero<\/strong> presidida por tres miembros elegidos.<\/li>\n<\/ul>\n<p><span style=\"color: #000;\">Los delegados de cada sindicato para cada \u00f3rgano deben tratar, si es posible, de aprobar resoluciones por consenso.<\/span>[\/vc_column_text][\/vc_column_inner][\/vc_row_inner][\/vc_column][\/vc_row]<\/p>\n<\/div>","protected":false},"excerpt":{"rendered":"<p>[vc_row css=\u00bb.vc_custom_1665957463974{background-image: url(https:\/\/europeandockworkers.org\/wp-content\/uploads\/2022\/10\/background_organization-1.png?id=1536) !important;background-position: center !important;background-repeat: no-repeat !important;background-size: cover !important;}\u00bb][vc_column][vc_row_inner][vc_column_inner width=\u00bb1\/3&#8243;][vc_single_image image=\u00bb1705&#8243; img_size=\u00bbfull\u00bb alignment=\u00bbcenter\u00bb css_animation=\u00bbfadeInDown\u00bb][\/vc_column_inner][vc_column_inner width=\u00bb2\/3&#8243;][vc_column_text]EDC fue creada en 2021 e incluye 14 organizaciones sindicales nacionales en 12 pa\u00edses europeos. EDC es una organizaci\u00f3n obrera unitaria, independiente, democr\u00e1tica y representativa&#8230;<\/p>\n","protected":false},"author":1,"featured_media":0,"parent":0,"menu_order":0,"comment_status":"closed","ping_status":"closed","template":"","meta":{"footnotes":""},"class_list":["post-1700","page","type-page","status-publish","hentry"],"_links":{"self":[{"href":"https:\/\/europeandockworkers.org\/es\/wp-json\/wp\/v2\/pages\/1700","targetHints":{"allow":["GET"]}}],"collection":[{"href":"https:\/\/europeandockworkers.org\/es\/wp-json\/wp\/v2\/pages"}],"about":[{"href":"https:\/\/europeandockworkers.org\/es\/wp-json\/wp\/v2\/types\/page"}],"author":[{"embeddable":true,"href":"https:\/\/europeandockworkers.org\/es\/wp-json\/wp\/v2\/users\/1"}],"replies":[{"embeddable":true,"href":"https:\/\/europeandockworkers.org\/es\/wp-json\/wp\/v2\/comments?post=1700"}],"version-history":[{"count":2,"href":"https:\/\/europeandockworkers.org\/es\/wp-json\/wp\/v2\/pages\/1700\/revisions"}],"predecessor-version":[{"id":1711,"href":"https:\/\/europeandockworkers.org\/es\/wp-json\/wp\/v2\/pages\/1700\/revisions\/1711"}],"wp:attachment":[{"href":"https:\/\/europeandockworkers.org\/es\/wp-json\/wp\/v2\/media?parent=1700"}],"curies":[{"name":"wp","href":"https:\/\/api.w.org\/{rel}","templated":true}]}}