{"id":1688,"date":"2022-10-16T21:41:03","date_gmt":"2022-10-16T21:41:03","guid":{"rendered":"https:\/\/fun01.wp.europeandockworkers.org\/our-values-and-priorities\/"},"modified":"2023-09-12T11:46:06","modified_gmt":"2023-09-12T11:46:06","slug":"our-values-and-priorities","status":"publish","type":"page","link":"https:\/\/europeandockworkers.org\/es\/our-values-and-priorities\/","title":{"rendered":"Nuestros valores y nuestras prioridades"},"content":{"rendered":"<div class=\"wpb-content-wrapper\"><p>[vc_row css=\u00bb.vc_custom_1665956610774{padding-bottom: 50px !important;}\u00bb][vc_column][vc_row_inner css=\u00bb.vc_custom_1665956437943{background-image: url(https:\/\/europeandockworkers.org\/wp-content\/uploads\/2022\/10\/background_mission.png?id=1519) !important;background-position: center !important;background-repeat: no-repeat !important;background-size: cover !important;}\u00bb][vc_column_inner width=\u00bb1\/3&#8243;][vc_single_image image=\u00bb1642&#8243; img_size=\u00bbfull\u00bb alignment=\u00bbcenter\u00bb css_animation=\u00bbfadeInDown\u00bb][\/vc_column_inner][vc_column_inner width=\u00bb2\/3&#8243;][vc_column_text]<span style=\"color: #000;\">EDC defiende valores sociales fundamentales como la solidaridad, la igualdad, la democracia, la justicia social, la unidad y el respeto de los derechos humanos. <\/span><\/p>\n<p><span style=\"color: #000;\">La acci\u00f3n unida de EDC tiene por objeto dar prioridad a la mejora del bienestar de los trabajadores y sus familias. <\/span><\/p>\n<p><span style=\"color: #000;\">EDC promueve los intereses de los Estibadores y Trabajadores portuarios en Europa mediante su participaci\u00f3n en todas las organizaciones europeas, incluidos el Comit\u00e9 de Di\u00e1logo Social Sectorial, los foros, los \u00f3rganos de consulta y los comit\u00e9s de evaluaci\u00f3n. <\/span><\/p>\n<p><span style=\"color: #000;\">Asimismo, EDC debe ser una voz decisoria en todas las organizaciones europeas e internacionales sobre las cuestiones relativas a los intereses de los trabajadores portuarios europeos.<\/span><\/p>\n<p><span style=\"color: #000;\">EDC lucha por empleos de calidad, los derechos de los trabajadores y una sociedad justa:<\/span><\/p>\n<ul>\n<li style=\"color: #000;\">salud y seguridad en el trabajo<\/li>\n<li style=\"color: #000;\">protecci\u00f3n de los derechos sociales<\/li>\n<li style=\"color: #000;\">aumentos salariales para los trabajadores<\/li>\n<li style=\"color: #000;\">empleos de calidad para todos<\/li>\n<li style=\"color: #000;\">un alto nivel de protecci\u00f3n social<\/li>\n<li style=\"color: #000;\">igualdad de g\u00e9nero y remuneraci\u00f3n equitativa<\/li>\n<li style=\"color: #000;\">una transici\u00f3n justa para los trabajadores en el pacto verde europeo para luchar contra el cambio clim\u00e1tico<\/li>\n<\/ul>\n<p>[\/vc_column_text][vc_single_image image=\u00bb1349&#8243; img_size=\u00bb500&#215;75&#8243; alignment=\u00bbcenter\u00bb][\/vc_column_inner][\/vc_row_inner][\/vc_column][\/vc_row]<\/p>\n<\/div>","protected":false},"excerpt":{"rendered":"<p>[vc_row css=\u00bb.vc_custom_1665956610774{padding-bottom: 50px !important;}\u00bb][vc_column][vc_row_inner css=\u00bb.vc_custom_1665956437943{background-image: url(https:\/\/europeandockworkers.org\/wp-content\/uploads\/2022\/10\/background_mission.png?id=1519) !important;background-position: center !important;background-repeat: no-repeat !important;background-size: cover !important;}\u00bb][vc_column_inner width=\u00bb1\/3&#8243;][vc_single_image image=\u00bb1642&#8243; img_size=\u00bbfull\u00bb alignment=\u00bbcenter\u00bb css_animation=\u00bbfadeInDown\u00bb][\/vc_column_inner][vc_column_inner width=\u00bb2\/3&#8243;][vc_column_text]EDC defiende valores sociales fundamentales como la solidaridad, la igualdad, la democracia, la justicia social, la unidad y el respeto de los&#8230;<\/p>\n","protected":false},"author":1,"featured_media":0,"parent":0,"menu_order":0,"comment_status":"closed","ping_status":"closed","template":"","meta":{"footnotes":""},"class_list":["post-1688","page","type-page","status-publish","hentry"],"_links":{"self":[{"href":"https:\/\/europeandockworkers.org\/es\/wp-json\/wp\/v2\/pages\/1688","targetHints":{"allow":["GET"]}}],"collection":[{"href":"https:\/\/europeandockworkers.org\/es\/wp-json\/wp\/v2\/pages"}],"about":[{"href":"https:\/\/europeandockworkers.org\/es\/wp-json\/wp\/v2\/types\/page"}],"author":[{"embeddable":true,"href":"https:\/\/europeandockworkers.org\/es\/wp-json\/wp\/v2\/users\/1"}],"replies":[{"embeddable":true,"href":"https:\/\/europeandockworkers.org\/es\/wp-json\/wp\/v2\/comments?post=1688"}],"version-history":[{"count":3,"href":"https:\/\/europeandockworkers.org\/es\/wp-json\/wp\/v2\/pages\/1688\/revisions"}],"predecessor-version":[{"id":1693,"href":"https:\/\/europeandockworkers.org\/es\/wp-json\/wp\/v2\/pages\/1688\/revisions\/1693"}],"wp:attachment":[{"href":"https:\/\/europeandockworkers.org\/es\/wp-json\/wp\/v2\/media?parent=1688"}],"curies":[{"name":"wp","href":"https:\/\/api.w.org\/{rel}","templated":true}]}}